{"id":686,"date":"2012-11-22T19:10:00","date_gmt":"2012-11-22T18:10:00","guid":{"rendered":"http:\/\/www.icone-galerie.com\/photographies-2\/"},"modified":"2013-03-11T15:43:11","modified_gmt":"2013-03-11T14:43:11","slug":"photographies-2","status":"publish","type":"page","link":"https:\/\/www.icone-galerie.com\/ru\/photographies-2\/","title":{"rendered":"\u0444\u043e\u0442\u043e\u0433\u0440\u0430\u0444\u0438\u0439 2"},"content":{"rendered":"<p><\/p>\n<h4 style=\"text-align: center;\">\u041a\u0440\u0435\u0441\u0442 \u0421\u0432\u044f\u0442\u043e\u0433\u043e \u041d\u0438\u043a\u043e\u043b\u0430\u044f \u0432 \u0434\u0438\u043f\u0442\u0438\u0445\u0435 (\u043a\u0440\u0430\u0441\u043d\u044b\u0439)<\/h4>\n<p style=\"text-align: center;\"><a href=\"http:\/\/www.icone-galerie.com\/wp-content\/uploads\/2013\/02\/croixcarreorange20x20pat.jpg\"><img loading=\"lazy\" decoding=\"async\" alt=\"croixcarreorange20x20pat\" src=\"http:\/\/www.icone-galerie.com\/wp-content\/uploads\/2013\/02\/croixcarreorange20x20pat-1022x1024.jpg\" width=\"429\" height=\"430\" \/><\/a><\/p>\n<p style=\"text-align: center;\">\u042d\u0442\u043e\u0442 \u043c\u043e\u0442\u0438\u0432 \u0440\u043e\u0434\u0438\u043b\u0441\u044f \u043d\u0430 \u043e\u0441\u043d\u043e\u0432\u0435 \u0447\u0451\u0440\u043d\u043e\u0433\u043e \u043a\u0440\u0435\u0441\u0442\u0430 \u043d\u0430 \u0431\u0435\u043b\u043e\u043c \u0444\u043e\u043d\u0435 \u0432\u044b\u0442\u043a\u0430\u043d\u043d\u043e\u0433\u043e \u043d\u0430 \u0435\u043f\u0438\u0441\u043a\u043e\u043f\u0441\u043a\u043e\u043c \u043e\u043c\u043e\u0444\u043e\u0440\u0435 ,\u043a\u043e\u0442\u043e\u0440\u044b\u0439 \u043c\u043e\u0436\u043d\u043e \u0443\u0432\u0438\u0434\u0435\u0442\u044c \u043d\u0430 \u043b\u0438\u0442\u0443\u0440\u0433\u0438\u0447\u0435\u0441\u043a\u043e\u043c \u043e\u0431\u043b\u0430\u0447\u0435\u043d\u0438\u0438 \u0421\u0432\u044f\u0442\u043e\u0433\u043e \u041d\u0438\u043a\u043e\u043b\u0430\u044f. \u041a\u0440\u0435\u0441\u0442 \u0441\u0438\u043c\u0432\u043e\u043b\u0438\u0437\u0438\u0440\u0443\u0435\u0442 \u043f\u043e\u043b\u043d\u043e\u0442\u0443 \u0432\u043b\u0430\u0441\u0442\u0438 \u0435\u043f\u0438\u0441\u043a\u043e\u043f\u0430.<\/p>\n<p style=\"text-align: center;\"><div class=\"hr_invisible\"><\/div><\/p>\n<h4 style=\"text-align: center;\">\u041a\u0440\u0435\u043c\u043b\u044c \u0432 \u043f\u0430\u043d\u043e\u0440\u0430\u043c\u0435<\/h4>\n<p style=\"text-align: center;\"><a href=\"http:\/\/www.icone-galerie.com\/wp-content\/uploads\/2013\/02\/Le-Kremlin-en-Panorama.jpg\"><img loading=\"lazy\" decoding=\"async\" alt=\"Le Kremlin en Panorama\" src=\"http:\/\/www.icone-galerie.com\/wp-content\/uploads\/2013\/02\/Le-Kremlin-en-Panorama.jpg\" width=\"798\" height=\"311\" \/><\/a><\/p>\n<p style=\"text-align: center;\">Panorama du Kremlin ou se m\u00ealent tous les styles d\u2019architectures, d\u2019\u00e9poques diff\u00e9rentes, si caract\u00e9ristiques de cette forteresse.<\/p>\n<p><\/p>","protected":false},"excerpt":{"rendered":"<p>\u041a\u0440\u0435\u0441\u0442 \u0421\u0432\u044f\u0442\u043e\u0433\u043e \u041d\u0438\u043a\u043e\u043b\u0430\u044f \u0432 \u0434\u0438\u043f\u0442\u0438\u0445\u0435 (\u043a\u0440\u0430\u0441\u043d\u044b\u0439) \u042d\u0442\u043e\u0442 \u043c\u043e\u0442\u0438\u0432 \u0440\u043e\u0434\u0438\u043b\u0441\u044f \u043d\u0430 \u043e\u0441\u043d\u043e\u0432\u0435 \u0447\u0451\u0440\u043d\u043e\u0433\u043e \u043a\u0440\u0435\u0441\u0442\u0430 \u043d\u0430 \u0431\u0435\u043b\u043e\u043c \u0444\u043e\u043d\u0435 \u0432\u044b\u0442\u043a\u0430\u043d\u043d\u043e\u0433\u043e \u043d\u0430 \u0435\u043f\u0438\u0441\u043a\u043e\u043f\u0441\u043a\u043e\u043c \u043e\u043c\u043e\u0444\u043e\u0440\u0435 ,\u043a\u043e\u0442\u043e\u0440\u044b\u0439 \u043c\u043e\u0436\u043d\u043e \u0443\u0432\u0438\u0434\u0435\u0442\u044c \u043d\u0430 \u043b\u0438\u0442\u0443\u0440\u0433\u0438\u0447\u0435\u0441\u043a\u043e\u043c \u043e\u0431\u043b\u0430\u0447\u0435\u043d\u0438\u0438 \u0421\u0432\u044f\u0442\u043e\u0433\u043e \u041d\u0438\u043a\u043e\u043b\u0430\u044f. \u041a\u0440\u0435\u0441\u0442 \u0441\u0438\u043c\u0432\u043e\u043b\u0438\u0437\u0438\u0440\u0443\u0435\u0442 \u043f\u043e\u043b\u043d\u043e\u0442\u0443 \u0432\u043b\u0430\u0441\u0442\u0438 \u0435\u043f\u0438\u0441\u043a\u043e\u043f\u0430. \u041a\u0440\u0435\u043c\u043b\u044c \u0432 \u043f\u0430\u043d\u043e\u0440\u0430\u043c\u0435 Panorama du Kremlin ou se m\u00ealent tous les styles d\u2019architectures, d\u2019\u00e9poques diff\u00e9rentes, si caract\u00e9ristiques de cette forteresse.<\/p>\n","protected":false},"author":1001002,"featured_media":0,"parent":0,"menu_order":16,"comment_status":"closed","ping_status":"closed","template":"","meta":{"footnotes":""},"class_list":["post-686","page","type-page","status-publish","hentry"],"_links":{"self":[{"href":"https:\/\/www.icone-galerie.com\/ru\/wp-json\/wp\/v2\/pages\/686","targetHints":{"allow":["GET"]}}],"collection":[{"href":"https:\/\/www.icone-galerie.com\/ru\/wp-json\/wp\/v2\/pages"}],"about":[{"href":"https:\/\/www.icone-galerie.com\/ru\/wp-json\/wp\/v2\/types\/page"}],"author":[{"embeddable":true,"href":"https:\/\/www.icone-galerie.com\/ru\/wp-json\/wp\/v2\/users\/1001002"}],"replies":[{"embeddable":true,"href":"https:\/\/www.icone-galerie.com\/ru\/wp-json\/wp\/v2\/comments?post=686"}],"version-history":[{"count":0,"href":"https:\/\/www.icone-galerie.com\/ru\/wp-json\/wp\/v2\/pages\/686\/revisions"}],"wp:attachment":[{"href":"https:\/\/www.icone-galerie.com\/ru\/wp-json\/wp\/v2\/media?parent=686"}],"curies":[{"name":"wp","href":"https:\/\/api.w.org\/{rel}","templated":true}]}}