{"id":797,"date":"2013-03-11T15:31:00","date_gmt":"2013-03-11T14:31:00","guid":{"rendered":"http:\/\/www.icone-galerie.com\/?page_id=797"},"modified":"2015-02-24T17:01:05","modified_gmt":"2015-02-24T16:01:05","slug":"photomontages-autres-formats","status":"publish","type":"page","link":"https:\/\/www.icone-galerie.com\/fr\/photomontages-boutique\/photomontages-autres-formats\/","title":{"rendered":"Photomontages, Autres Formats"},"content":{"rendered":"<p><\/p>\n<h4 style=\"text-align: center;\">Immeuble en briques rouges et son \u00ab\u00a0M\u00a0\u00bb symbole du m\u00e9tro moscovite<\/h4>\n<p style=\"text-align: center;\"><a href=\"http:\/\/www.icone-galerie.com\/wp-content\/uploads\/2013\/11\/MUR-BRIQUES-ROUGES-ECHARPE.jpg\"><img decoding=\"async\" class=\" wp-image-494 aligncenter\" alt=\"\" src=\"http:\/\/www.icone-galerie.com\/wp-content\/uploads\/2013\/11\/MUR-BRIQUES-ROUGES-ECHARPE.jpg\" width=\"429\" \/><\/a><\/p>\n<p style=\"text-align: center; clear: both;\"> Cet immeuble contraste avec le style architectural typique russe. Situ\u00e9 en plein c\u0153ur de Moscou, sur l\u2019\u00eele de la \u00ab\u00a0chocoladnitsa\u00a0\u00bb, il fait penser \u00e0 un b\u00e2timent New Yorkais dans un quartier branch\u00e9. Le \u00ab\u00a0M\u00a0\u00bb de M\u00e9tro pourrait alors aussi dire Mode, Moderne, Moscou\u2026 <\/p>\n<div class=\"hr_invisible\"><\/div>\n<h4 style=\"text-align: center;\">Marx et&#8230; un petit grain<\/h4>\n<p style=\"text-align: center;\"><a href=\"http:\/\/www.icone-galerie.com\/wp-content\/uploads\/2013\/02\/Marx-...-et-Un-Petit-Grain.jpg\"><img decoding=\"async\" class=\" wp-image-494 aligncenter\" alt=\"\" src=\"http:\/\/www.icone-galerie.com\/wp-content\/uploads\/2013\/02\/Marx-...-et-Un-Petit-Grain-450x342.jpg\" width=\"429\" \/><\/a><\/p>\n<p style=\"text-align: center; clear: both;\">Format : 100 x 75 cm<\/p>\n<p style=\"text-align: center; clear: both;\">Conception mat\u00e9rialiste moderne de notre \u00e9poque&#8230;<\/p>\n<div class=\"hr_invisible\"><\/div>\n<h4 style=\"text-align: center;\">Les skieurs de l\u2019Universit\u00e9 Lomonossov<\/h4>\n<p style=\"text-align: center;\"><a href=\"http:\/\/www.icone-galerie.com\/wp-content\/uploads\/2013\/02\/Les-skieurs-et-lUniversite-Lomonosof.jpg\"><img decoding=\"async\" class=\" wp-image-494 aligncenter\" alt=\"\" src=\"http:\/\/www.icone-galerie.com\/wp-content\/uploads\/2013\/02\/Les-skieurs-et-lUniversite-Lomonosof-450x346.jpg\" width=\"429\" \/><\/a><\/p>\n<p style=\"text-align: center; clear: both;\">Format : 60 x 46 cm<\/p>\n<p style=\"clear: both; text-align: center;\">L&rsquo;universit\u00e9 d&rsquo;Etat Lomonossov, \u00ab\u00a0\u041c\u0413\u0423\u00a0\u00bb, se situe sur les hauteurs de Moscou, colline nomm\u00e9e Mont L\u00e9nine ou Mont des Moineaux, \u00e0 quelques pas des fameux studios de cin\u00e9ma Mosfilm. Son grand parc aux larges avenues bord\u00e9es de bouleaux offre un lieu de promenade id\u00e9al pour les skieurs moscovites qui s&rsquo;adonnent au ski de fond l&rsquo;hiver, ainsi que pour les jeunes mari\u00e9s et touristes en qu\u00eate d&rsquo;artisanat russe et de photo souvenir. Ce point de mire offre une vue incroyable sur toute la ville, du Park Gorki, au complexe sportif de Loujniki, jusqu&rsquo;aux profondeurs de la ville et de la City.<\/p>\n<div class=\"hr_invisible\"><\/div>\n<h4 style=\"text-align: center;\">Saint Basile et L\u00e9nine<\/h4>\n<p style=\"text-align: center;\"><a href=\"http:\/\/www.icone-galerie.com\/wp-content\/uploads\/2013\/02\/Lenine-et-Saint-Basile.jpg\"><img decoding=\"async\" class=\" wp-image-494 aligncenter\" alt=\"\" src=\"http:\/\/www.icone-galerie.com\/wp-content\/uploads\/2013\/02\/Lenine-et-Saint-Basile-450x278.jpg\" width=\"429\" \/><\/a><\/p>\n<p dir=\"ltr\" style=\"text-align: center;\">Format : 36\u00a0 x 22 cm<\/p>\n<p dir=\"ltr\" id=\"internal-source-marker_0.6395029885382809\" style=\"text-align: center;\">Contraste de facettes multicolores attrayantes, de Saint Basile et du P\u00e8re de la R\u00e9volution Russe, Vladimir Ilitch Oulianov, appel\u00e9 L\u00e9nine.<\/p>\n<div class=\"hr_invisible\"><\/div>\n<h4 style=\"text-align: center;\">Lumi\u00e8re sur le Bolcho\u00ef<\/h4>\n<p style=\"text-align: center;\"><a href=\"http:\/\/www.icone-galerie.com\/wp-content\/uploads\/2013\/02\/Bolchoi.jpg\"><img decoding=\"async\" class=\" wp-image-494 aligncenter\" alt=\"\" src=\"http:\/\/www.icone-galerie.com\/wp-content\/uploads\/2013\/02\/Bolchoi-450x192.jpg\" width=\"429\" \/><\/a><\/p>\n<p style=\"text-align: center; clear: both;\">Format : 70 x 30 cm<\/p>\n<p style=\"text-align: center; clear: both;\">Le Bolcho\u00ef qui signifie en russe, Grand Th\u00e9\u00e2tre, brille plus que jamais depuis sa r\u00e9ouverture en 2011, apr\u00e8s de tr\u00e8s longs travaux pharaoniques de restauration.<\/p>\n<div class=\"hr_invisible\"><\/div>\n<h4 style=\"text-align: center;\">L&rsquo;Ic\u00f4ne du football Russe, le gardien de buts Lev Yachine<\/h4>\n<p style=\"text-align: center;\"><a href=\"http:\/\/www.icone-galerie.com\/wp-content\/uploads\/2013\/02\/Footballeur-Gardien-de-Buts-Lev-Yachine.jpg\"><img decoding=\"async\" class=\" wp-image-494 aligncenter\" alt=\"\" src=\"http:\/\/www.icone-galerie.com\/wp-content\/uploads\/2013\/02\/Footballeur-Gardien-de-Buts-Lev-Yachine-361x450.jpg\" width=\"361\" \/><\/a><\/p>\n<p style=\"text-align: center; clear: both;\">Format : 80 x 65 cm<\/p>\n<p dir=\"ltr\" id=\"internal-source-marker_0.6395029885382809\" style=\"text-align: center;\">Lev Yachine, tr\u00e8s en avance sur son temps dans ses techniques de jeu, multi r\u00e9compens\u00e9 \u00e0 titre europ\u00e9en et mondial, est consid\u00e9r\u00e9 comme l&rsquo;Ic\u00f4ne du football sovi\u00e9tique du Club Dynamo Moscou. Ce gardien de but, \u00a0M\u00e9daille d&rsquo;Or aux Jeux Olympiques de Melbourne en 1956, trois coupes d&rsquo;URSS, sera \u00e9lu meilleur gardien du tournoi de la coupe du monde en 1966. Pour la petite anecdote, Lev Yachine \u00e9tait surnomm\u00e9 la Panth\u00e8re Noire, car toujours habill\u00e9 de noir. Le fran\u00e7ais Fabien Barthez lui rendra hommage en portant du noir \u00e9galement tout au long de sa carri\u00e8re.<\/p>\n<p><div class=\"hr_invisible\"><\/div><br \/>\n<a href=\"#\"><img loading=\"lazy\" decoding=\"async\" class=\"size-full wp-image-83 aligncenter\" alt=\"icon1\" src=\"http:\/\/www.icone-galerie.com\/wp-content\/uploads\/2012\/10\/icon1.png\" width=\"72\" height=\"66\" \/><\/a><\/p>","protected":false},"excerpt":{"rendered":"<p>Immeuble en briques rouges et son \u00ab\u00a0M\u00a0\u00bb symbole du m\u00e9tro moscovite Cet immeuble contraste avec le style architectural typique russe. Situ\u00e9 en plein c\u0153ur de Moscou, sur l\u2019\u00eele de la \u00ab\u00a0chocoladnitsa\u00a0\u00bb, il fait penser \u00e0 un b\u00e2timent New Yorkais dans un quartier branch\u00e9. Le \u00ab\u00a0M\u00a0\u00bb de M\u00e9tro pourrait alors aussi dire Mode, Moderne, Moscou\u2026 Marx [&hellip;]<\/p>\n","protected":false},"author":1001002,"featured_media":0,"parent":394,"menu_order":1,"comment_status":"closed","ping_status":"closed","template":"","meta":{"footnotes":""},"class_list":["post-797","page","type-page","status-publish","hentry"],"_links":{"self":[{"href":"https:\/\/www.icone-galerie.com\/fr\/wp-json\/wp\/v2\/pages\/797","targetHints":{"allow":["GET"]}}],"collection":[{"href":"https:\/\/www.icone-galerie.com\/fr\/wp-json\/wp\/v2\/pages"}],"about":[{"href":"https:\/\/www.icone-galerie.com\/fr\/wp-json\/wp\/v2\/types\/page"}],"author":[{"embeddable":true,"href":"https:\/\/www.icone-galerie.com\/fr\/wp-json\/wp\/v2\/users\/1001002"}],"replies":[{"embeddable":true,"href":"https:\/\/www.icone-galerie.com\/fr\/wp-json\/wp\/v2\/comments?post=797"}],"version-history":[{"count":0,"href":"https:\/\/www.icone-galerie.com\/fr\/wp-json\/wp\/v2\/pages\/797\/revisions"}],"up":[{"embeddable":true,"href":"https:\/\/www.icone-galerie.com\/fr\/wp-json\/wp\/v2\/pages\/394"}],"wp:attachment":[{"href":"https:\/\/www.icone-galerie.com\/fr\/wp-json\/wp\/v2\/media?parent=797"}],"curies":[{"name":"wp","href":"https:\/\/api.w.org\/{rel}","templated":true}]}}