{"id":793,"date":"2013-03-11T15:28:35","date_gmt":"2013-03-11T14:28:35","guid":{"rendered":"http:\/\/www.icone-galerie.com\/?page_id=793"},"modified":"2017-11-21T15:53:24","modified_gmt":"2017-11-21T14:53:24","slug":"photomontages-grands-formats-panoramas","status":"publish","type":"page","link":"https:\/\/www.icone-galerie.com\/fr\/photomontages-boutique\/photomontages-grands-formats-panoramas\/","title":{"rendered":"Photomontages, Grands Formats, Panoramas"},"content":{"rendered":"<p><\/p>\n<h4 style=\"text-align: center;\">Monument en m\u00e9moire aux conqu\u00e9rants de l&rsquo;espace<\/h4>\n<p style=\"text-align: center;\"><a href=\"http:\/\/www.icone-galerie.com\/wp-content\/uploads\/2013\/12\/fusee-grise-VDNX-echarpe-200x100signee-digimarc-copy.jpg\"><img decoding=\"async\" class=\" wp-image-494 aligncenter\" alt=\"\" src=\"http:\/\/www.icone-galerie.com\/wp-content\/uploads\/2013\/12\/fusee-grise-VDNX-echarpe-200x100signee-digimarc-copy.jpg\" width=\"729\" \/><\/a><\/p>\n<p style=\"text-align: center;\"><a href=\"http:\/\/www.icone-galerie.com\/wp-content\/uploads\/2013\/12\/fusee-VDNX-rouge-echarpe-200x100-copy.jpg\"><img decoding=\"async\" class=\" wp-image-494 aligncenter\" alt=\"\" src=\"http:\/\/www.icone-galerie.com\/wp-content\/uploads\/2013\/12\/fusee-VDNX-rouge-echarpe-200x100-copy.jpg\" width=\"729\" \/><\/a><\/p>\n<p style=\"text-align: center; clear: both;\">\u00a0Format : 200 x 100 cm<\/p>\n<p dir=\"ltr\" id=\"internal-source-marker_0.6395029885382809\" style=\"text-align: center;\">Impressionnante ob\u00e9lisque se terminant  par une  fus\u00e9e, reposant sur un  \u00e9norme stylobate ou sont repr\u00e9sent\u00e9s les scientifiques, ouvriers du programme spatial sovi\u00e9tique et La\u00efka, le premier chien dans l&rsquo;espace. Haut de 107 m\u00e8tres, en titane, ce monument fut \u00e9rig\u00e9 en 1964 en l\u2019honneur des cosmonautes russes. Il est situ\u00e9 dans le parc VDNX,  actuel Centre panrusse des expositions et figure dans le clip de 1993 \u00ab Go West \u00bb des Pet shop Boys.<\/p>\n<div class=\"hr_invisible\"><\/div>\n<h4 style=\"text-align: center;\">Istra, la Nouvelle J\u00e9rusalem en Pop Art<\/h4>\n<p style=\"text-align: center;\"><a href=\"http:\/\/www.icone-galerie.com\/wp-content\/uploads\/2013\/02\/Istra-Nouvelle-Jerusalem-Pop-Art-Longue.jpg\"><img decoding=\"async\" class=\" wp-image-494 aligncenter\" alt=\"\" src=\"http:\/\/www.icone-galerie.com\/wp-content\/uploads\/2013\/02\/Istra-Nouvelle-Jerusalem-Pop-Art-Longue.jpg\" width=\"729\" \/><\/a><\/p>\n<p style=\"text-align: center; clear: both;\">\u00a0Format : 200 x 72 cm<\/p>\n<p dir=\"ltr\" id=\"internal-source-marker_0.6395029885382809\" style=\"text-align: center;\">L&rsquo;\u00e9glise abbatiale de la R\u00e9surrection, construite au 17\u00e8me si\u00e8cle, est une tr\u00e8s ancienne r\u00e9sidence patriarcale, situ\u00e9e au bord de la rivi\u00e8re Istra \u00e0 l&rsquo;ouest de Moscou. Le patriarche Nikon l&rsquo;a fit construire selon les plans du Saint S\u00e9pulcre de J\u00e9rusalem.<\/p>\n<div class=\"hr_invisible\"><\/div>\n<h4 style=\"text-align: center;\">L&rsquo;Etoile Rouge du Kremlin<\/h4>\n<p style=\"text-align: center;\"><a href=\"http:\/\/www.icone-galerie.com\/wp-content\/uploads\/2013\/02\/Etoiles-Rouge-du-Kremlin-Longues.jpg\"><img decoding=\"async\" class=\" wp-image-494 aligncenter\" alt=\"\" src=\"http:\/\/www.icone-galerie.com\/wp-content\/uploads\/2013\/02\/Etoiles-Rouge-du-Kremlin-Longues.jpg\" width=\"729\" \/><\/a><\/p>\n<p style=\"text-align: center; clear: both;\"><strong>\u00a0<\/strong>Format : 160 x\u00a0 88 cm<\/p>\n<p style=\"text-align: center; clear: both;\">Les \u00e9toiles rouge rubis, lumineuses, \u00e0 cinq branches, symbole du pouvoir sovi\u00e9tique, ornent les tours du Kremlin depuis les ann\u00e9es 1935, elles ont remplac\u00e9 l&rsquo;Aigle Bic\u00e9phale symbole du pouvoir Tsariste.<\/p>\n<div class=\"hr_invisible\"><\/div>\n<h4 style=\"text-align: center;\">Le milicien en Lada<\/h4>\n<p style=\"text-align: center;\"><a href=\"http:\/\/www.icone-galerie.com\/wp-content\/uploads\/2013\/02\/Le-Milicien-et-sa-Lada-Rouge.jpg\"><img decoding=\"async\" class=\" wp-image-494 aligncenter\" alt=\"\" src=\"http:\/\/www.icone-galerie.com\/wp-content\/uploads\/2013\/02\/Le-Milicien-et-sa-Lada-Rouge.jpg\" width=\"729\" \/><\/a><\/p>\n<p style=\"text-align: center; clear: both;\"><strong>\u00a0<\/strong>Format : 120 x 36 cm<\/p>\n<p style=\"text-align: center; clear: both;\">Les miliciens \u00e0 Moscou font partie du paysage quotidien, ils sont post\u00e9s dans la ville quasiment tous les cent m\u00e8tres. Leur voiture de fonction autrefois la Lada, la voiture la plus commune, qu&rsquo;il fallait attendre pendant plusieurs ann\u00e9es parfois durant l&rsquo;\u00e8re sovi\u00e9tique. La Lada, nomm\u00e9e habituellement Jigouli en Russie, est le nom d&rsquo;un petit bateau que l&rsquo;on utilise sur la rivi\u00e8re la Volga, qui coule non loin de l&rsquo;usine de fabrication des voitures et qui est illustr\u00e9 par le logo de la marque.<\/p>\n<div class=\"hr_invisible\"><\/div>\n<h4 style=\"text-align: center;\">Saint Sauveur et sa Volga sur la Moskova<\/h4>\n<p style=\"text-align: center;\"><a href=\"http:\/\/www.icone-galerie.com\/wp-content\/uploads\/2013\/02\/Saint-Sauveur-et-sa-Volga-sur-la-Moscova.jpg\"><img decoding=\"async\" class=\" wp-image-494 aligncenter\" alt=\"\" src=\"http:\/\/www.icone-galerie.com\/wp-content\/uploads\/2013\/02\/Saint-Sauveur-et-sa-Volga-sur-la-Moscova.jpg\" width=\"729\" \/><\/a><\/p>\n<p style=\"text-align: center; clear: both;\"><strong>\u00a0<\/strong>Format : 125 x 45 cm<\/p>\n<p style=\"text-align: center; clear: both;\">Face \u00e0 la Cath\u00e9drale Saint Sauveur, le pont pi\u00e9tonnier Patriarche,\u00a0traverse la Moskova jusqu&rsquo;\u00e0 l&rsquo;\u00eele de la Chocolaterie Octobre Rouge. La voiture Volga M21 qui s&rsquo;y trouvait le jour de la prise de vue, est l&rsquo;illustration des belles voitures typiquement sovi\u00e9tiques produites par les Usines GAZ \u00e0 Nijni Novgorod (anciennement Gorky, d&rsquo;o\u00f9 la premi\u00e8re lettre de GAZ, en l&rsquo;honneur de l&rsquo;\u00e9crivain Maxime Gorki), Poutine en poss\u00e9derait une encore aujourd&rsquo;hui&#8230;<\/p>\n<div class=\"hr_invisible\"><\/div>\n<h4 style=\"text-align: center;\">Le Kremlin et ses Sentinelles<\/h4>\n<p style=\"text-align: center;\"><a href=\"http:\/\/www.icone-galerie.com\/wp-content\/uploads\/2013\/02\/Moscou-et-ses-Sentinelles.jpg\"><img decoding=\"async\" class=\" wp-image-494 aligncenter\" alt=\"\" src=\"http:\/\/www.icone-galerie.com\/wp-content\/uploads\/2013\/02\/Moscou-et-ses-Sentinelles.jpg\" width=\"729\" \/><\/a><\/p>\n<p style=\"text-align: center; clear: both;\">\u00a0Format : 150 x 40 cm<\/p>\n<p style=\"text-align: center; clear: both;\">Ce photomontage nous offre une vision lumineuse et heureuse de Moscou, \u00e0 la nuit tomb\u00e9e. \u00a0Sous une parfaite pleine lune, la belle architecture ancienne du Kremlin et du Palais des congr\u00e8s ainsi que les douces sculptures des artistes contemporains ind\u00e9pendants.<br \/>\nMais ces artistes libres sont ici positionn\u00e9s, plant\u00e9s comme les gardiens stricts du Kremlin. L\u2019enceinte semble toujours aussi imp\u00e9n\u00e9trable, la salle de spectacle au centre est \u00e9cras\u00e9e par cette lourde \u00e9toile rouge. Malgr\u00e9 tout cela, cette composition est l\u00e9g\u00e8re et agr\u00e9able \u00e0 regarder. Il y a souvent plusieurs fa\u00e7ons d\u2019interpr\u00e9ter la vie\u2026<\/p>\n<div class=\"hr_invisible\"><\/div>\n<h4 style=\"text-align: center;\">Moscou, son cavalier, son histoire<\/h4>\n<p style=\"text-align: center;\"><a href=\"http:\/\/www.icone-galerie.com\/wp-content\/uploads\/2013\/04\/Moscou-son-Cavalier-son-Histoire.jpg\"><img loading=\"lazy\" decoding=\"async\" class=\" wp-image-494 aligncenter\" style=\"margin-top: -5px;\" alt=\"\" src=\"http:\/\/www.icone-galerie.com\/wp-content\/uploads\/2013\/04\/Moscou-son-Cavalier-son-Histoire.jpg\" width=\"729\" height=\"280\" \/><\/a><\/p>\n<p style=\"text-align: center; clear: both;\"><strong>\u00a0<\/strong>Format : 200 x 80 cm<\/p>\n<p style=\"text-align: center; clear: both;\">Inaugur\u00e9 par Alexandre III le jour de son couronnement en 1883, le mus\u00e9e de l&rsquo;histoire situ\u00e9 sur la place rouge, est une imposante construction de briques rouges. La sculpture g\u00e9ante en bronze du Mar\u00e9chal Joukov install\u00e9e en 1995, contraste avec le style du b\u00e2timent et renforce la volont\u00e9 de grandeur de pouvoir qui perdure.<\/p>\n<div class=\"hr_invisible\"><\/div>\n<h4 style=\"text-align: center;\">M \u2026comme Ma\u00efakovski<\/h4>\n<p style=\"text-align: center;\"><a href=\"http:\/\/www.icone-galerie.com\/wp-content\/uploads\/2013\/02\/M-comme...-Mayakovski.jpg\"><img decoding=\"async\" class=\" wp-image-494 aligncenter\" alt=\"\" src=\"http:\/\/www.icone-galerie.com\/wp-content\/uploads\/2013\/02\/M-comme...-Mayakovski.jpg\" width=\"729\" \/><\/a><\/p>\n<p style=\"text-align: center; clear: both;\"><strong>\u00a0<\/strong>Format : 100 x 50 cm<\/p>\n<p style=\"text-align: center; clear: both;\">Vladimir Ma\u00efakovski auteur, po\u00e8te pr\u00e9curseur du mouvement des Futuristes, tr\u00e8s engag\u00e9, r\u00e9volutionnaire, perdra \u00e0 la roulette russe, mettant fin \u00e0 ses jours d&rsquo;une balle dans la t\u00eate. Le \u00ab\u00a0M\u00a0\u00bb rouge sur cette photo, premi\u00e8re lettre du nom du po\u00e8te, repr\u00e9sente \u00e9galement les entr\u00e9es des stations de M\u00e9tro de Moscou. Leur acc\u00e8s se fait en g\u00e9n\u00e9ral \u00e0 travers de longs couloirs souterrains dans les profondeurs de la ville, ce qui peut \u00eatre \u00e0 l&rsquo;image du parcours amoureux et politique de l&rsquo;auteur&#8230;<\/p>\n<div class=\"hr_invisible\"><\/div>\n<h4 style=\"text-align: center;\">Saint Sauveur et ses reflets<\/h4>\n<p style=\"text-align: center;\"><a href=\"http:\/\/www.icone-galerie.com\/wp-content\/uploads\/2013\/02\/Saint-Sauveur-et-ses-Reflets-dans-leau.jpg\"><img decoding=\"async\" class=\" wp-image-494 aligncenter\" alt=\"\" src=\"http:\/\/www.icone-galerie.com\/wp-content\/uploads\/2013\/02\/Saint-Sauveur-et-ses-Reflets-dans-leau.jpg\" width=\"729\" \/><\/a><\/p>\n<p style=\"text-align: center; clear: both;\"><strong>\u00a0<\/strong>Format : 100 x 70 cm<\/p>\n<p style=\"text-align: center; clear: both;\">La Cath\u00e9drale Saint Sauveur construite \u00e0 la fin du 19\u00e8me pour c\u00e9l\u00e9brer la victoire des russes sur l&rsquo;arm\u00e9e de Napol\u00e9on, fut d\u00e9truite par le Dieu Rouge, Staline. A la place, on y construisit une piscine \u00e0 ciel ouvert, reconstruite \u00e0 l&rsquo;identique \u00e0 la demande de Boris Ieltsine la cath\u00e9drale a \u00e9t\u00e9 consacr\u00e9e par le Patriarche Alexis en 2000. D&rsquo;o\u00f9 ces reflets du pass\u00e9 dans l&rsquo;eau&#8230;.<br \/>\nLe d\u00f4me central symbolise J\u00e9sus Christ et les quatre d\u00f4mes mineurs abritant les cloches, les quatre \u00e9vang\u00e9listes.<\/p>\n<div class=\"hr_invisible\"><\/div>\n<h4 style=\"text-align: center;\">Les coupoles de Saint Basile en Sym\u00e9trie<\/h4>\n<p style=\"text-align: center;\"><a href=\"http:\/\/www.icone-galerie.com\/wp-content\/uploads\/2013\/02\/Saint-Basile-en-Miroir.jpg\"><img decoding=\"async\" class=\" wp-image-494 aligncenter\" alt=\"\" src=\"http:\/\/www.icone-galerie.com\/wp-content\/uploads\/2013\/02\/Saint-Basile-en-Miroir.jpg\" width=\"729\" \/><\/a><\/p>\n<p style=\"text-align: center; clear: both;\">format : 160 x 114 cm<\/p>\n<p style=\"text-align: center; clear: both;\">Ce photomontage est une illustration iconique des coupoles russes, tr\u00e8s d\u00e9coratives et color\u00e9es, aux formes parfaitement harmonieuses. Il repr\u00e9sente un visuel imposant de stabilit\u00e9. Pourtant, le quotidien \u00e0 Moscou ainsi que son histoire, n\u2019ont pas toujours \u00e9t\u00e9 d\u2019une grande qui\u00e9tude. C\u2019est pourquoi, ici les coupoles tournent, se refl\u00e8tent et se d\u00e9doublent, chacun pouvant ainsi laisser libre cours \u00e0 son imagination, son interpr\u00e9tation.<br \/>\nL&rsquo;\u00e9glise Saint Basile le Bienheureux, \u00e0 \u00e9t\u00e9 construite sur la place rouge, le long de la Moskova, au 16\u00e8me si\u00e8cle, pour c\u00e9l\u00e9brer la victoire sur les Tatares, par Ivan le Terrible. Cette cath\u00e9drale, situ\u00e9e en plein c\u0153ur de Moscou, peut \u00eatre consid\u00e9r\u00e9e comme une ic\u00f4ne de l&rsquo;architecture russe.<\/p>\n<div class=\"hr_invisible\"><\/div>\n<h4 style=\"text-align: center;\">Un petit grain\u2026 de Caviar<\/h4>\n<p style=\"text-align: center;\"><a href=\"http:\/\/www.icone-galerie.com\/wp-content\/uploads\/2013\/02\/Un-petit-grain...de-Caviar.jpg\"><img decoding=\"async\" class=\" wp-image-494 aligncenter\" alt=\"\" src=\"http:\/\/www.icone-galerie.com\/wp-content\/uploads\/2013\/02\/Un-petit-grain...de-Caviar.jpg\" width=\"359\" \/><\/a><\/p>\n<p style=\"text-align: center; clear: both;\"><strong>\u00a0<\/strong>Format : 160 x 90 cm<\/p>\n<p style=\"text-align: center; clear: both;\">Denr\u00e9e rare au go\u00fbt subtil, sa taille et sa couleur varient en fonction de son appellation. B\u00e9luga, Osci\u00e9tre, S\u00e8vrouga, sont tous des \u0153ufs d&rsquo;esturgeons. Cet \u00ab\u00a0or noir\u00a0\u00bb russe, provient de la ville d&rsquo;Astrakhan, situ\u00e9e sur le delta de la Volga, au bord de la Mer Caspienne.<\/p>\n<p><div class=\"hr_invisible\"><\/div><br \/>\n<a href=\"#\"><img loading=\"lazy\" decoding=\"async\" class=\"size-full wp-image-83 aligncenter\" alt=\"icon1\" src=\"http:\/\/www.icone-galerie.com\/wp-content\/uploads\/2012\/10\/icon1.png\" width=\"72\" height=\"66\" \/><\/a><\/p>","protected":false},"excerpt":{"rendered":"<p>Monument en m\u00e9moire aux conqu\u00e9rants de l&rsquo;espace \u00a0Format : 200 x 100 cm Impressionnante ob\u00e9lisque se terminant par une fus\u00e9e, reposant sur un \u00e9norme stylobate ou sont repr\u00e9sent\u00e9s les scientifiques, ouvriers du programme spatial sovi\u00e9tique et La\u00efka, le premier chien dans l&rsquo;espace. Haut de 107 m\u00e8tres, en titane, ce monument fut \u00e9rig\u00e9 en 1964 en [&hellip;]<\/p>\n","protected":false},"author":1001002,"featured_media":0,"parent":394,"menu_order":2,"comment_status":"closed","ping_status":"closed","template":"","meta":{"footnotes":""},"class_list":["post-793","page","type-page","status-publish","hentry"],"_links":{"self":[{"href":"https:\/\/www.icone-galerie.com\/fr\/wp-json\/wp\/v2\/pages\/793","targetHints":{"allow":["GET"]}}],"collection":[{"href":"https:\/\/www.icone-galerie.com\/fr\/wp-json\/wp\/v2\/pages"}],"about":[{"href":"https:\/\/www.icone-galerie.com\/fr\/wp-json\/wp\/v2\/types\/page"}],"author":[{"embeddable":true,"href":"https:\/\/www.icone-galerie.com\/fr\/wp-json\/wp\/v2\/users\/1001002"}],"replies":[{"embeddable":true,"href":"https:\/\/www.icone-galerie.com\/fr\/wp-json\/wp\/v2\/comments?post=793"}],"version-history":[{"count":0,"href":"https:\/\/www.icone-galerie.com\/fr\/wp-json\/wp\/v2\/pages\/793\/revisions"}],"up":[{"embeddable":true,"href":"https:\/\/www.icone-galerie.com\/fr\/wp-json\/wp\/v2\/pages\/394"}],"wp:attachment":[{"href":"https:\/\/www.icone-galerie.com\/fr\/wp-json\/wp\/v2\/media?parent=793"}],"curies":[{"name":"wp","href":"https:\/\/api.w.org\/{rel}","templated":true}]}}