{"id":788,"date":"2013-03-11T15:02:04","date_gmt":"2013-03-11T14:02:04","guid":{"rendered":"http:\/\/www.icone-galerie.com\/?page_id=788"},"modified":"2013-03-28T15:01:36","modified_gmt":"2013-03-28T14:01:36","slug":"art-cinetique-jeux-doptique-et-diptyques","status":"publish","type":"page","link":"https:\/\/www.icone-galerie.com\/fr\/photos-boutique\/art-cinetique-jeux-doptique-et-diptyques\/","title":{"rendered":"Art cin\u00e9tique, Jeux d&rsquo;optique et Diptyques"},"content":{"rendered":"<p><\/p>\n<h4 style=\"text-align: center;\">La croix de Saint Nicolas en diptyque (rouge)<\/h4>\n<p style=\"text-align: center;\"><a style=\"float: left; margin-left: 30px;\" href=\"http:\/\/www.icone-galerie.com\/wp-content\/uploads\/2013\/03\/@-La-croix-de-Saint-Nicolas-dyptique-1-rouge.jpg\"><img loading=\"lazy\" decoding=\"async\" class=\" wp-image-494 aligncenter\" alt=\"croixcarreorange20x20pat\" src=\"http:\/\/www.icone-galerie.com\/wp-content\/uploads\/2013\/03\/@-La-croix-de-Saint-Nicolas-dyptique-1-rouge.jpg\" width=\"429\" height=\"430\" \/><\/a><a style=\"float: left; margin-left: 30px;\" href=\"http:\/\/www.icone-galerie.com\/wp-content\/uploads\/2013\/03\/@-La-croix-de-Saint-Nicolas-dyptique-2-rouge.jpg\"><img loading=\"lazy\" decoding=\"async\" class=\" wp-image-494 aligncenter\" alt=\"croixcarreorange20x20pat\" src=\"http:\/\/www.icone-galerie.com\/wp-content\/uploads\/2013\/03\/@-La-croix-de-Saint-Nicolas-dyptique-2-rouge.jpg\" width=\"429\" height=\"430\" \/><\/a><\/p>\n<p style=\"text-align: center; clear: both;\">Ce motif a vu le jour \u00e0 partir de la croix noire sur fond blanc tiss\u00e9e sur l&rsquo;omofor \u00e9piscopal des robes liturgiques de Saint Nicolas.<br \/>\nCette croix symbolise la pl\u00e9nitude du pouvoir \u00e9piscopal.<\/p>\n<div class=\"hr_invisible\"><\/div>\n<h4 style=\"text-align: center;\">La croix de Saint Nicolas en diptyque (noir)<\/h4>\n<p style=\"text-align: center;\"><a style=\"float: left; margin-left: 30px;\" href=\"http:\/\/www.icone-galerie.com\/wp-content\/uploads\/2013\/03\/1a@-La-croix-de-Saint-Nicolas-dyptique-1-noir.jpg\"><img loading=\"lazy\" decoding=\"async\" class=\" wp-image-494 aligncenter\" alt=\"croixcarreorange20x20pat\" src=\"http:\/\/www.icone-galerie.com\/wp-content\/uploads\/2013\/03\/1a@-La-croix-de-Saint-Nicolas-dyptique-1-noir.jpg\" width=\"429\" height=\"430\" \/><\/a><a style=\"float: left; margin-left: 30px;\" href=\"http:\/\/www.icone-galerie.com\/wp-content\/uploads\/2013\/03\/1b@-La-croix-de-Saint-Nicolas-dyptique-2-noir.jpg\"><img loading=\"lazy\" decoding=\"async\" class=\" wp-image-494 aligncenter\" alt=\"croixcarreorange20x20pat\" src=\"http:\/\/www.icone-galerie.com\/wp-content\/uploads\/2013\/03\/1b@-La-croix-de-Saint-Nicolas-dyptique-2-noir.jpg\" width=\"429\" height=\"430\" \/><\/a><\/p>\n<p style=\"text-align: center; clear: both;\">Ce motif a vu le jour \u00e0 partir de la croix noire sur fond blanc tiss\u00e9e sur l&rsquo;omofor \u00e9piscopal des robes liturgiques de Saint Nicolas.<br \/>\nCette croix symbolise la pl\u00e9nitude du pouvoir \u00e9piscopal.<\/p>\n<div class=\"hr_invisible\"><\/div>\n<h4 style=\"text-align: center;\">La croix de Saint Nicolas (rose)<\/h4>\n<p style=\"text-align: center;\"><a href=\"http:\/\/www.icone-galerie.com\/wp-content\/uploads\/2013\/02\/croixcarreorange20x20pat.jpg\"><img loading=\"lazy\" decoding=\"async\" class=\" wp-image-494 aligncenter\" alt=\"croixcarreorange20x20pat\" src=\"http:\/\/www.icone-galerie.com\/wp-content\/uploads\/2013\/02\/croixcarreorange20x20pat.jpg\" width=\"429\" height=\"430\" srcset=\"https:\/\/www.icone-galerie.com\/wp-content\/uploads\/2013\/02\/croixcarreorange20x20pat.jpg 1024w, https:\/\/www.icone-galerie.com\/wp-content\/uploads\/2013\/02\/croixcarreorange20x20pat-80x80.jpg 80w, https:\/\/www.icone-galerie.com\/wp-content\/uploads\/2013\/02\/croixcarreorange20x20pat-598x600.jpg 598w, https:\/\/www.icone-galerie.com\/wp-content\/uploads\/2013\/02\/croixcarreorange20x20pat-1022x1024.jpg 1022w, https:\/\/www.icone-galerie.com\/wp-content\/uploads\/2013\/02\/croixcarreorange20x20pat-36x36.jpg 36w, https:\/\/www.icone-galerie.com\/wp-content\/uploads\/2013\/02\/croixcarreorange20x20pat-997x999.jpg 997w, https:\/\/www.icone-galerie.com\/wp-content\/uploads\/2013\/02\/croixcarreorange20x20pat-928x930.jpg 928w, https:\/\/www.icone-galerie.com\/wp-content\/uploads\/2013\/02\/croixcarreorange20x20pat-450x450.jpg 450w\" sizes=\"auto, (max-width: 429px) 100vw, 429px\" \/><\/a><\/p>\n<p style=\"text-align: center; clear: both;\">Ce motif a vu le jour \u00e0 partir de la croix noire sur fond blanc tiss\u00e9e sur l&rsquo;omofor \u00e9piscopal des robes liturgiques de Saint Nicolas.<br \/>\nCette croix symbolise la pl\u00e9nitude du pouvoir \u00e9piscopal.<\/p>\n<div class=\"hr_invisible\"><\/div>\n<h4 style=\"text-align: center;\">La croix de Saint Nicolas (vert)<\/h4>\n<p style=\"text-align: center;\"><a href=\"http:\/\/www.icone-galerie.com\/wp-content\/uploads\/2013\/02\/croixcarrebleuvert20x20pat.jpg\"><img loading=\"lazy\" decoding=\"async\" class=\" wp-image-494 aligncenter\" alt=\"croixcarreorange20x20pat\" src=\"http:\/\/www.icone-galerie.com\/wp-content\/uploads\/2013\/02\/croixcarrebleuvert20x20pat.jpg\" width=\"429\" height=\"430\" \/><\/a><\/p>\n<p style=\"text-align: center; clear: both;\">Ce motif a vu le jour \u00e0 partir de la croix noire sur fond blanc tiss\u00e9e sur l&rsquo;omofor \u00e9piscopal des robes liturgiques de Saint Nicolas.<br \/>\nCette croix symbolise la pl\u00e9nitude du pouvoir \u00e9piscopal.<\/p>\n<div class=\"hr_invisible\"><\/div>\n<h4 style=\"text-align: center;\">La croix de Saint Nicolas (jaune)<\/h4>\n<p style=\"text-align: center;\"><a href=\"http:\/\/www.icone-galerie.com\/wp-content\/uploads\/2013\/02\/croixcarrejaune20x20pat.jpg\"><img loading=\"lazy\" decoding=\"async\" class=\" wp-image-494 aligncenter\" alt=\"croixcarreorange20x20pat\" src=\"http:\/\/www.icone-galerie.com\/wp-content\/uploads\/2013\/02\/croixcarrejaune20x20pat.jpg\" width=\"429\" height=\"430\" \/><\/a><\/p>\n<p style=\"text-align: center; clear: both;\">Ce motif a vu le jour \u00e0 partir de la croix noire sur fond blanc tiss\u00e9e sur l&rsquo;omofor \u00e9piscopal des robes liturgiques de Saint Nicolas.<br \/>\nCette croix symbolise la pl\u00e9nitude du pouvoir \u00e9piscopal.<\/p>\n<p><div class=\"hr_invisible\"><\/div><br \/>\n<a href=\"#\"><img loading=\"lazy\" decoding=\"async\" class=\"size-full wp-image-83 aligncenter\" alt=\"icon1\" src=\"http:\/\/www.icone-galerie.com\/wp-content\/uploads\/2012\/10\/icon1.png\" width=\"72\" height=\"66\" \/><\/a><\/p>","protected":false},"excerpt":{"rendered":"<p>La croix de Saint Nicolas en diptyque (rouge) Ce motif a vu le jour \u00e0 partir de la croix noire sur fond blanc tiss\u00e9e sur l&rsquo;omofor \u00e9piscopal des robes liturgiques de Saint Nicolas. Cette croix symbolise la pl\u00e9nitude du pouvoir \u00e9piscopal. La croix de Saint Nicolas en diptyque (noir) Ce motif a vu le jour [&hellip;]<\/p>\n","protected":false},"author":1001002,"featured_media":0,"parent":408,"menu_order":5,"comment_status":"closed","ping_status":"closed","template":"","meta":{"footnotes":""},"class_list":["post-788","page","type-page","status-publish","hentry"],"_links":{"self":[{"href":"https:\/\/www.icone-galerie.com\/fr\/wp-json\/wp\/v2\/pages\/788","targetHints":{"allow":["GET"]}}],"collection":[{"href":"https:\/\/www.icone-galerie.com\/fr\/wp-json\/wp\/v2\/pages"}],"about":[{"href":"https:\/\/www.icone-galerie.com\/fr\/wp-json\/wp\/v2\/types\/page"}],"author":[{"embeddable":true,"href":"https:\/\/www.icone-galerie.com\/fr\/wp-json\/wp\/v2\/users\/1001002"}],"replies":[{"embeddable":true,"href":"https:\/\/www.icone-galerie.com\/fr\/wp-json\/wp\/v2\/comments?post=788"}],"version-history":[{"count":0,"href":"https:\/\/www.icone-galerie.com\/fr\/wp-json\/wp\/v2\/pages\/788\/revisions"}],"up":[{"embeddable":true,"href":"https:\/\/www.icone-galerie.com\/fr\/wp-json\/wp\/v2\/pages\/408"}],"wp:attachment":[{"href":"https:\/\/www.icone-galerie.com\/fr\/wp-json\/wp\/v2\/media?parent=788"}],"curies":[{"name":"wp","href":"https:\/\/api.w.org\/{rel}","templated":true}]}}