{"id":1565,"date":"2017-06-23T18:19:03","date_gmt":"2017-06-23T17:19:03","guid":{"rendered":"http:\/\/www.icone-galerie.com\/?page_id=1565"},"modified":"2017-06-29T11:07:47","modified_gmt":"2017-06-29T10:07:47","slug":"arty-bandana","status":"publish","type":"page","link":"https:\/\/www.icone-galerie.com\/fr\/arty-bandana\/","title":{"rendered":"Arty Bandana"},"content":{"rendered":"<p><\/p>\n<h3 style=\"text-align: right; position: absolute; top: -80px; margin-right: 0; right: 0;\">30 x 120 cm<\/h3>\n<h4 style=\"text-align: center;\">Les poup\u00e9es russes multi couleurs \u00e0 la Pavel Pepperstein<\/h4>\n<p style=\"text-align: center;\"><a href=\"http:\/\/www.icone-galerie.com\/wp-content\/uploads\/2017\/06\/poupees-russes-multicolores-a-la-Pavel-Pepperstein-bandeau-cheveux-tour-du-cou-30x120.jpg\"><img loading=\"lazy\" decoding=\"async\" class=\"alignnone wp-image-1447 size-medium\" src=\"http:\/\/www.icone-galerie.com\/wp-content\/uploads\/2017\/06\/poupees-russes-multicolores-a-la-Pavel-Pepperstein-bandeau-cheveux-tour-du-cou-30x120.jpg\" width=\"600\" height=\"174\" \/><\/a><\/p>\n<div class=\"hr_invisible\"><\/div>\n<h4 style=\"text-align: center;\">Les \u00e9toiles multi couleurs du Kremlin<\/h4>\n<p style=\"text-align: center;\"><a href=\"http:\/\/www.icone-galerie.com\/wp-content\/uploads\/2017\/06\/bandeau-etoile-30x120-min.jpg\"><img loading=\"lazy\" decoding=\"async\" class=\"alignnone wp-image-1447 size-medium\" src=\"http:\/\/www.icone-galerie.com\/wp-content\/uploads\/2017\/06\/bandeau-etoile-30x120-min.jpg\" width=\"600\" height=\"174\" \/><\/a><\/p>\n<p><div class=\"hr_invisible\"><\/div><br \/>\n<a href=\"#\"><img loading=\"lazy\" decoding=\"async\" class=\"size-full wp-image-83 aligncenter\" src=\"http:\/\/www.icone-galerie.com\/wp-content\/uploads\/2012\/10\/icon1.png\" alt=\"icon1\" width=\"72\" height=\"66\" \/><\/a><\/p>","protected":false},"excerpt":{"rendered":"<p>30 x 120 cm Les poup\u00e9es russes multi couleurs \u00e0 la Pavel Pepperstein Les \u00e9toiles multi couleurs du Kremlin<\/p>\n","protected":false},"author":1001002,"featured_media":0,"parent":0,"menu_order":0,"comment_status":"closed","ping_status":"closed","template":"","meta":{"footnotes":""},"class_list":["post-1565","page","type-page","status-publish","hentry"],"_links":{"self":[{"href":"https:\/\/www.icone-galerie.com\/fr\/wp-json\/wp\/v2\/pages\/1565","targetHints":{"allow":["GET"]}}],"collection":[{"href":"https:\/\/www.icone-galerie.com\/fr\/wp-json\/wp\/v2\/pages"}],"about":[{"href":"https:\/\/www.icone-galerie.com\/fr\/wp-json\/wp\/v2\/types\/page"}],"author":[{"embeddable":true,"href":"https:\/\/www.icone-galerie.com\/fr\/wp-json\/wp\/v2\/users\/1001002"}],"replies":[{"embeddable":true,"href":"https:\/\/www.icone-galerie.com\/fr\/wp-json\/wp\/v2\/comments?post=1565"}],"version-history":[{"count":0,"href":"https:\/\/www.icone-galerie.com\/fr\/wp-json\/wp\/v2\/pages\/1565\/revisions"}],"wp:attachment":[{"href":"https:\/\/www.icone-galerie.com\/fr\/wp-json\/wp\/v2\/media?parent=1565"}],"curies":[{"name":"wp","href":"https:\/\/api.w.org\/{rel}","templated":true}]}}