{"id":1446,"date":"2016-11-27T19:43:28","date_gmt":"2016-11-27T18:43:28","guid":{"rendered":"http:\/\/www.icone-galerie.com\/?page_id=1446"},"modified":"2018-10-01T13:47:30","modified_gmt":"2018-10-01T12:47:30","slug":"arty-foulards-shawls-38x130","status":"publish","type":"page","link":"https:\/\/www.icone-galerie.com\/fr\/arty-foulards-shawls-38x130\/","title":{"rendered":"Arty Echarpes"},"content":{"rendered":"<p><\/p>\n<h3 style=\"text-align: right; position: absolute; top: -80px; margin-right: 0; right: 0;\">40 x 140 cm<\/h3>\n<h4 style=\"text-align: center;\">Coupoles Saint Basile bleue 40&#215;140<\/h4>\n<p style=\"text-align: center;\"><a href=\"http:\/\/www.icone-galerie.com\/wp-content\/uploads\/2016\/11\/echarpe-matriochka-saint-basile-bleue-38x130-50\u0448\u0442.jpg\"><img loading=\"lazy\" decoding=\"async\" class=\"alignnone wp-image-1447 size-medium\" src=\"http:\/\/www.icone-galerie.com\/wp-content\/uploads\/2016\/11\/echarpe-matriochka-saint-basile-bleue-38x130-50\u0448\u0442-600x174.jpg\" width=\"600\" height=\"174\" srcset=\"https:\/\/www.icone-galerie.com\/wp-content\/uploads\/2016\/11\/echarpe-matriochka-saint-basile-bleue-38x130-50\u0448\u0442-600x174.jpg 600w, https:\/\/www.icone-galerie.com\/wp-content\/uploads\/2016\/11\/echarpe-matriochka-saint-basile-bleue-38x130-50\u0448\u0442-768x223.jpg 768w, https:\/\/www.icone-galerie.com\/wp-content\/uploads\/2016\/11\/echarpe-matriochka-saint-basile-bleue-38x130-50\u0448\u0442-1024x297.jpg 1024w, https:\/\/www.icone-galerie.com\/wp-content\/uploads\/2016\/11\/echarpe-matriochka-saint-basile-bleue-38x130-50\u0448\u0442-999x290.jpg 999w, https:\/\/www.icone-galerie.com\/wp-content\/uploads\/2016\/11\/echarpe-matriochka-saint-basile-bleue-38x130-50\u0448\u0442-930x270.jpg 930w, https:\/\/www.icone-galerie.com\/wp-content\/uploads\/2016\/11\/echarpe-matriochka-saint-basile-bleue-38x130-50\u0448\u0442-450x131.jpg 450w, https:\/\/www.icone-galerie.com\/wp-content\/uploads\/2016\/11\/echarpe-matriochka-saint-basile-bleue-38x130-50\u0448\u0442.jpg 1600w\" sizes=\"auto, (max-width: 600px) 100vw, 600px\" \/><\/a><\/p>\n<p style=\"text-align: center; clear: both;\">Format : 40 x 140 cm<\/p>\n<p style=\"text-align: center; clear: both;\">Sur ce motif, les coupoles en forme de bulbes de la Cath\u00e9drale Saint Basile le Bienheureux ont \u00e9t\u00e9 photographi\u00e9es puis s\u00e9lectionn\u00e9es et d\u00e9coup\u00e9es, afin de former les robes des matriochkas.<\/p>\n<div class=\"hr_invisible\"><\/div>\n<h4 style=\"text-align: center;\">Caviar, La Bo\u00eete Ronde M\u00e9tallique Bleue 40&#215;140<\/h4>\n<p style=\"text-align: center;\"><a href=\"http:\/\/www.icone-galerie.com\/wp-content\/uploads\/2016\/11\/echarpe-caviar-boite-ronde-40x140-50\u0448\u0442.jpg\"><img loading=\"lazy\" decoding=\"async\" class=\"alignnone wp-image-1449 size-medium\" src=\"http:\/\/www.icone-galerie.com\/wp-content\/uploads\/2016\/11\/echarpe-caviar-boite-ronde-40x140-50\u0448\u0442-600x171.jpg\" width=\"600\" height=\"171\" srcset=\"https:\/\/www.icone-galerie.com\/wp-content\/uploads\/2016\/11\/echarpe-caviar-boite-ronde-40x140-50\u0448\u0442-600x171.jpg 600w, https:\/\/www.icone-galerie.com\/wp-content\/uploads\/2016\/11\/echarpe-caviar-boite-ronde-40x140-50\u0448\u0442-768x219.jpg 768w, https:\/\/www.icone-galerie.com\/wp-content\/uploads\/2016\/11\/echarpe-caviar-boite-ronde-40x140-50\u0448\u0442-1024x292.jpg 1024w, https:\/\/www.icone-galerie.com\/wp-content\/uploads\/2016\/11\/echarpe-caviar-boite-ronde-40x140-50\u0448\u0442-999x285.jpg 999w, https:\/\/www.icone-galerie.com\/wp-content\/uploads\/2016\/11\/echarpe-caviar-boite-ronde-40x140-50\u0448\u0442-930x266.jpg 930w, https:\/\/www.icone-galerie.com\/wp-content\/uploads\/2016\/11\/echarpe-caviar-boite-ronde-40x140-50\u0448\u0442-450x129.jpg 450w, https:\/\/www.icone-galerie.com\/wp-content\/uploads\/2016\/11\/echarpe-caviar-boite-ronde-40x140-50\u0448\u0442.jpg 1600w\" sizes=\"auto, (max-width: 600px) 100vw, 600px\" \/><\/a><\/p>\n<p style=\"text-align: center; clear: both;\">Format : 40 x 140 cm<\/p>\n<p style=\"text-align: center; clear: both;\">Denr\u00e9e rare au go\u00fbt subtil, sa taille et sa couleur varient en fonction de son appellation. B\u00e9luga, Osci\u00e9tre, S\u00e8vrouga, tous \u0153ufs d\u2019esturgeons, cet \u00ab or noir \u00bb russe, provient de la ville d\u2019Astrakhan, situ\u00e9e sur le delta de la Volga, au bord de la Mer Caspienne.<\/p>\n<div class=\"hr_invisible\"><\/div>\n<p><a href=\"#\"><img loading=\"lazy\" decoding=\"async\" class=\"size-full wp-image-83 aligncenter\" src=\"http:\/\/www.icone-galerie.com\/wp-content\/uploads\/2012\/10\/icon1.png\" alt=\"icon1\" width=\"72\" height=\"66\" \/><\/a><\/p>","protected":false},"excerpt":{"rendered":"<p>40 x 140 cm Coupoles Saint Basile bleue 40&#215;140 Format : 40 x 140 cm Sur ce motif, les coupoles en forme de bulbes de la Cath\u00e9drale Saint Basile le Bienheureux ont \u00e9t\u00e9 photographi\u00e9es puis s\u00e9lectionn\u00e9es et d\u00e9coup\u00e9es, afin de former les robes des matriochkas. Caviar, La Bo\u00eete Ronde M\u00e9tallique Bleue 40&#215;140 Format : 40 [&hellip;]<\/p>\n","protected":false},"author":1001002,"featured_media":0,"parent":0,"menu_order":0,"comment_status":"closed","ping_status":"closed","template":"","meta":{"footnotes":""},"class_list":["post-1446","page","type-page","status-publish","hentry"],"_links":{"self":[{"href":"https:\/\/www.icone-galerie.com\/fr\/wp-json\/wp\/v2\/pages\/1446","targetHints":{"allow":["GET"]}}],"collection":[{"href":"https:\/\/www.icone-galerie.com\/fr\/wp-json\/wp\/v2\/pages"}],"about":[{"href":"https:\/\/www.icone-galerie.com\/fr\/wp-json\/wp\/v2\/types\/page"}],"author":[{"embeddable":true,"href":"https:\/\/www.icone-galerie.com\/fr\/wp-json\/wp\/v2\/users\/1001002"}],"replies":[{"embeddable":true,"href":"https:\/\/www.icone-galerie.com\/fr\/wp-json\/wp\/v2\/comments?post=1446"}],"version-history":[{"count":0,"href":"https:\/\/www.icone-galerie.com\/fr\/wp-json\/wp\/v2\/pages\/1446\/revisions"}],"wp:attachment":[{"href":"https:\/\/www.icone-galerie.com\/fr\/wp-json\/wp\/v2\/media?parent=1446"}],"curies":[{"name":"wp","href":"https:\/\/api.w.org\/{rel}","templated":true}]}}