{"id":1401,"date":"2016-03-30T18:17:34","date_gmt":"2016-03-30T17:17:34","guid":{"rendered":"http:\/\/www.icone-galerie.com\/?page_id=1401"},"modified":"2018-10-10T15:13:46","modified_gmt":"2018-10-10T14:13:46","slug":"arty_scarves_squares","status":"publish","type":"page","link":"https:\/\/www.icone-galerie.com\/fr\/arty_scarves_squares\/","title":{"rendered":"Arty foulard"},"content":{"rendered":"<p><\/p>\n<h3 style=\"text-align: right; position: absolute; top: -80px; margin-right: 0; right: 0;\">60 x 60 cm<\/h3>\n<div class=\"hr_invisible\"><\/div>\n<div class=\"blocun\">\n<h4 class=\"titleCont\" style=\"text-align: center;\">Chevaux de bois de Kolxoma rouge<\/h4>\n<p style=\"text-align: center;\"><a class=\"imgcont\" href=\"http:\/\/www.icone-galerie.com\/wp-content\/uploads\/2016\/11\/chevaux-60x60-40\u0448\u0442.jpg\"><img loading=\"lazy\" decoding=\"async\" class=\"alignnone wp-image-1459 size-medium\" src=\"http:\/\/www.icone-galerie.com\/wp-content\/uploads\/2016\/11\/chevaux-60x60-40\u0448\u0442-600x600.jpg\" width=\"600\" height=\"600\" srcset=\"https:\/\/www.icone-galerie.com\/wp-content\/uploads\/2016\/11\/chevaux-60x60-40\u0448\u0442-600x600.jpg 600w, https:\/\/www.icone-galerie.com\/wp-content\/uploads\/2016\/11\/chevaux-60x60-40\u0448\u0442-80x80.jpg 80w, https:\/\/www.icone-galerie.com\/wp-content\/uploads\/2016\/11\/chevaux-60x60-40\u0448\u0442-768x768.jpg 768w, https:\/\/www.icone-galerie.com\/wp-content\/uploads\/2016\/11\/chevaux-60x60-40\u0448\u0442-1024x1024.jpg 1024w, https:\/\/www.icone-galerie.com\/wp-content\/uploads\/2016\/11\/chevaux-60x60-40\u0448\u0442-36x36.jpg 36w, https:\/\/www.icone-galerie.com\/wp-content\/uploads\/2016\/11\/chevaux-60x60-40\u0448\u0442-999x999.jpg 999w, https:\/\/www.icone-galerie.com\/wp-content\/uploads\/2016\/11\/chevaux-60x60-40\u0448\u0442-930x930.jpg 930w, https:\/\/www.icone-galerie.com\/wp-content\/uploads\/2016\/11\/chevaux-60x60-40\u0448\u0442-450x450.jpg 450w, https:\/\/www.icone-galerie.com\/wp-content\/uploads\/2016\/11\/chevaux-60x60-40\u0448\u0442.jpg 1600w\" sizes=\"auto, (max-width: 600px) 100vw, 600px\" \/><\/a><\/p>\n<p dir=\"ltr\" style=\"text-align: center;\">Artisanat traditionnel cr\u00e9\u00e9 par les vieux-croyants milieu du XVIIe si\u00e8cle dans la r\u00e9gion de Nijni Novgorod, et de Kolxoma, sur les rives de la Volga. Les motifs repr\u00e9sentent traditionnellement des fleurs, des baies ou des oiseaux. Les reflets dor\u00e9s sont le r\u00e9sultat d&rsquo;un m\u00e9lange d\u2019huile de lin et d\u2019aluminium, ce qui donne cette apparence m\u00e9tallique typique.<\/p>\n<\/div>\n<div class=\"blocdeux\">\n<h4 class=\"titleCont\" style=\"text-align: center;\">L\u00e9nine<\/h4>\n<p style=\"text-align: center;\"><a class=\"imgcont\" href=\"http:\/\/www.icone-galerie.com\/wp-content\/uploads\/2016\/11\/lenine-60x60-victor.jpg\"><img loading=\"lazy\" decoding=\"async\" class=\"alignnone wp-image-1460 size-medium\" src=\"http:\/\/www.icone-galerie.com\/wp-content\/uploads\/2016\/11\/lenine-60x60-victor-600x600.jpg\" width=\"600\" height=\"600\" srcset=\"https:\/\/www.icone-galerie.com\/wp-content\/uploads\/2016\/11\/lenine-60x60-victor-600x600.jpg 600w, https:\/\/www.icone-galerie.com\/wp-content\/uploads\/2016\/11\/lenine-60x60-victor-80x80.jpg 80w, https:\/\/www.icone-galerie.com\/wp-content\/uploads\/2016\/11\/lenine-60x60-victor-768x768.jpg 768w, https:\/\/www.icone-galerie.com\/wp-content\/uploads\/2016\/11\/lenine-60x60-victor-1024x1024.jpg 1024w, https:\/\/www.icone-galerie.com\/wp-content\/uploads\/2016\/11\/lenine-60x60-victor-36x36.jpg 36w, https:\/\/www.icone-galerie.com\/wp-content\/uploads\/2016\/11\/lenine-60x60-victor-999x999.jpg 999w, https:\/\/www.icone-galerie.com\/wp-content\/uploads\/2016\/11\/lenine-60x60-victor-930x930.jpg 930w, https:\/\/www.icone-galerie.com\/wp-content\/uploads\/2016\/11\/lenine-60x60-victor-450x450.jpg 450w, https:\/\/www.icone-galerie.com\/wp-content\/uploads\/2016\/11\/lenine-60x60-victor.jpg 1600w\" sizes=\"auto, (max-width: 600px) 100vw, 600px\" \/><\/a><\/p>\n<p dir=\"ltr\" style=\"text-align: center;\">Vladimir\u2026<\/p>\n<\/div>\n<div class=\"hr_invisible\"><\/div>\n<div class=\"blocun\">\n<h4 style=\"text-align: center;\">L\u2019Ic\u00f4ne du football Russe, Le gardien de buts<\/h4>\n<p style=\"text-align: center;\"><a class=\"imgcont\" href=\"http:\/\/www.icone-galerie.com\/wp-content\/uploads\/2016\/11\/yachine-60x60-victor.jpg\"><img loading=\"lazy\" decoding=\"async\" class=\"alignnone wp-image-1461 size-medium\" src=\"http:\/\/www.icone-galerie.com\/wp-content\/uploads\/2016\/11\/yachine-60x60-victor-600x600.jpg\" width=\"600\" height=\"600\" srcset=\"https:\/\/www.icone-galerie.com\/wp-content\/uploads\/2016\/11\/yachine-60x60-victor-600x600.jpg 600w, https:\/\/www.icone-galerie.com\/wp-content\/uploads\/2016\/11\/yachine-60x60-victor-80x80.jpg 80w, https:\/\/www.icone-galerie.com\/wp-content\/uploads\/2016\/11\/yachine-60x60-victor-768x768.jpg 768w, https:\/\/www.icone-galerie.com\/wp-content\/uploads\/2016\/11\/yachine-60x60-victor-1024x1024.jpg 1024w, https:\/\/www.icone-galerie.com\/wp-content\/uploads\/2016\/11\/yachine-60x60-victor-36x36.jpg 36w, https:\/\/www.icone-galerie.com\/wp-content\/uploads\/2016\/11\/yachine-60x60-victor-999x999.jpg 999w, https:\/\/www.icone-galerie.com\/wp-content\/uploads\/2016\/11\/yachine-60x60-victor-930x930.jpg 930w, https:\/\/www.icone-galerie.com\/wp-content\/uploads\/2016\/11\/yachine-60x60-victor-450x450.jpg 450w, https:\/\/www.icone-galerie.com\/wp-content\/uploads\/2016\/11\/yachine-60x60-victor.jpg 1600w\" sizes=\"auto, (max-width: 600px) 100vw, 600px\" \/><\/a><\/p>\n<\/div>\n<div class=\"blocdeux\">\n<h4 style=\"text-align: center;\"><\/h4>\n<p style=\"text-align: center;\"><img loading=\"lazy\" decoding=\"async\" class=\"aligncenter size-full wp-image-1484\" src=\"http:\/\/www.icone-galerie.com\/wp-content\/uploads\/2016\/03\/goodbye-yachine.jpg\" alt=\"goodbye-yachine\" width=\"340\" height=\"340\" srcset=\"https:\/\/www.icone-galerie.com\/wp-content\/uploads\/2016\/03\/goodbye-yachine.jpg 340w, https:\/\/www.icone-galerie.com\/wp-content\/uploads\/2016\/03\/goodbye-yachine-80x80.jpg 80w, https:\/\/www.icone-galerie.com\/wp-content\/uploads\/2016\/03\/goodbye-yachine-36x36.jpg 36w\" sizes=\"auto, (max-width: 340px) 100vw, 340px\" \/><\/p>\n<\/div>\n<p dir=\"ltr\" style=\"text-align: center; clear: both;\">Cette photo a \u00e9t\u00e9 choisie en premi\u00e8re de couverture du roman intitul\u00e9 \u00ab\u00a0Goodbye Yachine!\u00a0\u00bb de Maxime Schmitt, \u00e9crivain, guitariste, producteur de musique, membre de Elvis Presley RCA Records International Committies et parolier du groupe Kraftwerk. Magnifique hommage !<br \/>\nLev Yachine, tr\u00e8s en avance sur son temps dans ses techniques de jeu, multi r\u00e9compens\u00e9 \u00e0 titre europ\u00e9en et mondial, est consid\u00e9r\u00e9 comme l\u2019Ic\u00f4ne du football sovi\u00e9tique du Club Dynamo Moscou. Ce gardien de but, M\u00e9daille d\u2019Or aux Jeux Olympiques de Melbourne en 1956, trois coupes d\u2019URSS, sera \u00e9lu meilleur gardien du tournoi de la coupe du monde en 1966. Pour la petite anecdote, Lev Yachine \u00e9tait surnomm\u00e9 la Panth\u00e8re Noire, car toujours habill\u00e9 de noir. Le fran\u00e7ais Fabien Barthez lui rendra hommage en portant du noir \u00e9galement tout au long de sa carri\u00e8re.<\/p>\n<div class=\"hr_invisible\"><\/div>\n<div class=\"blocun\">\n<h4 class=\"titleCont\" style=\"text-align: center;\">LES JOUETS VANKA-VSTANKA<\/h4>\n<p style=\"text-align: center;\"><a class=\"imgcont\" href=\"http:\/\/www.icone-galerie.com\/wp-content\/uploads\/2016\/03\/jouets-enfants-russes.jpg\"><img loading=\"lazy\" decoding=\"async\" class=\"aligncenter wp-image-1267 size-medium\" src=\"http:\/\/www.icone-galerie.com\/wp-content\/uploads\/2016\/03\/jouets-enfants-russes.jpg\" alt=\"\" width=\"429\" height=\"429\" \/><\/a><\/p>\n<\/div>\n<div class=\"blocdeux\">\n<h4 style=\"text-align: center;\">LES PETITS SOLDATS SOUFFLES<\/h4>\n<p style=\"text-align: center;\"><a href=\"http:\/\/www.icone-galerie.com\/wp-content\/uploads\/2016\/03\/soldats.jpg\"><img loading=\"lazy\" decoding=\"async\" class=\"aligncenter wp-image-1271 size-medium\" src=\"http:\/\/www.icone-galerie.com\/wp-content\/uploads\/2016\/03\/soldats.jpg\" alt=\"\" width=\"429\" height=\"429\" \/><\/a><\/p>\n<\/div>\n<p dir=\"ltr\" style=\"text-align: center;\">Jouets incontournables de l\u2019\u00e9poque sovi\u00e9tique, pr\u00e9sents dans tous les foyers, \u00e9voqu\u00e9s dans la prose du c\u00e9l\u00e8bre po\u00e8te russe pour enfants Samouil Marchak : Elle ; Nivaliachka, lui ; Vanka-Vstanka. Nostalgie de l\u2019enfance, la poup\u00e9e qui bascule sans jamais se renverser&#8230;<br \/>\nLes sujets soldats et autres sont en plastique souffl\u00e9, creux \u00e0 l\u2019int\u00e9rieur.<\/p>\n<div class=\"hr_invisible\"><\/div>\n<p><a href=\"#\"><img loading=\"lazy\" decoding=\"async\" class=\"size-full wp-image-83 aligncenter\" src=\"http:\/\/www.icone-galerie.com\/wp-content\/uploads\/2012\/10\/icon1.png\" alt=\"icon1\" width=\"72\" height=\"66\" \/><\/a><\/p>","protected":false},"excerpt":{"rendered":"<p>60 x 60 cm Chevaux de bois de Kolxoma rouge Artisanat traditionnel cr\u00e9\u00e9 par les vieux-croyants milieu du XVIIe si\u00e8cle dans la r\u00e9gion de Nijni Novgorod, et de Kolxoma, sur les rives de la Volga. Les motifs repr\u00e9sentent traditionnellement des fleurs, des baies ou des oiseaux. Les reflets dor\u00e9s sont le r\u00e9sultat d&rsquo;un m\u00e9lange d\u2019huile [&hellip;]<\/p>\n","protected":false},"author":1001002,"featured_media":0,"parent":0,"menu_order":0,"comment_status":"closed","ping_status":"closed","template":"","meta":{"footnotes":""},"class_list":["post-1401","page","type-page","status-publish","hentry"],"_links":{"self":[{"href":"https:\/\/www.icone-galerie.com\/fr\/wp-json\/wp\/v2\/pages\/1401","targetHints":{"allow":["GET"]}}],"collection":[{"href":"https:\/\/www.icone-galerie.com\/fr\/wp-json\/wp\/v2\/pages"}],"about":[{"href":"https:\/\/www.icone-galerie.com\/fr\/wp-json\/wp\/v2\/types\/page"}],"author":[{"embeddable":true,"href":"https:\/\/www.icone-galerie.com\/fr\/wp-json\/wp\/v2\/users\/1001002"}],"replies":[{"embeddable":true,"href":"https:\/\/www.icone-galerie.com\/fr\/wp-json\/wp\/v2\/comments?post=1401"}],"version-history":[{"count":0,"href":"https:\/\/www.icone-galerie.com\/fr\/wp-json\/wp\/v2\/pages\/1401\/revisions"}],"wp:attachment":[{"href":"https:\/\/www.icone-galerie.com\/fr\/wp-json\/wp\/v2\/media?parent=1401"}],"curies":[{"name":"wp","href":"https:\/\/api.w.org\/{rel}","templated":true}]}}